{"id":46,"date":"2020-07-29T14:39:39","date_gmt":"2020-07-29T12:39:39","guid":{"rendered":"http:\/\/dbisolutions.fr\/?page_id=46"},"modified":"2022-07-27T03:16:43","modified_gmt":"2022-07-27T01:16:43","slug":"mesmerize","status":"publish","type":"page","link":"https:\/\/dbisolutions.fr\/","title":{"rendered":"ACCUEIL"},"content":{"rendered":"<div  id=\"overlappable-4\" style=\"background-color: rgb(245, 250, 253); background-image: none;\" data-label=\"Overlappable\" data-id=\"overlappable-4\" data-export-id=\"overlappable-4\" data-category=\"overlappable\" class=\"overlappable-4 content-section content-section-spacing\" data-overlap=\"true\"><div  class=\"\"> <div  data-type=\"row\" class=\"row spaced-cols text-center center-sm content-center-sm\"><div  class=\"col-xs-12 col-sm-4 col-padding col-md-3 \"> <i  class=\"fa icon shadow-large-black aligncenter color1 fa-television reverse round large\"><\/i> <div  data-type=\"column\" class=\"\"> <h5  class=\"\">SOLUTIONS D\u2019ENCAISSEMENT<\/h5> <p  class=\"lead\">De la caisse enregistreuse au monnayeur en passant par la balance poids\/prix.&nbsp;<\/p><\/div> <\/div> <div  class=\"col-xs-12 col-sm-4 col-padding col-md-3 \"> <i  class=\"fa icon shadow-large-black aligncenter color1 fa-print bordered round large\"><\/i> <div  data-type=\"column\" class=\"\"><h5  class=\"\">SOLUTIONS D\u2019IMPRESSION<\/h5> <p  class=\"lead\">Imprimantes multifonctions, photocopieurs, traceurs,\u2026<\/p><\/div> <\/div> <div  class=\"col-xs-12 col-sm-4 col-padding col-md-3 \"> <i  class=\"fa icon shadow-large-black aligncenter color1 fa-phone-square reverse round large\"><\/i> <div  data-type=\"column\" class=\"\"><h5  class=\"\">TELEPHONIE IP<\/h5> <p  class=\"lead\">Trunk SIP, Centrex IP, Mobile, &#8230;<\/p><\/div> <\/div><div  class=\"col-xs-12 col-sm-4 col-padding col-md-3 \"> <i  class=\"fa icon shadow-large-black aligncenter color1 fa-laptop reverse round large\"><\/i> <div  data-type=\"column\" class=\"\"> <h5  class=\"\">MATERIEL INFORMATIQUE<\/h5> <p  class=\"lead\">Ordinateur portable, ordinateur de bureau, p\u00e9riph\u00e9riques, \u2026<\/p><\/div> <\/div><\/div> <\/div><\/div><div  data-label=\"Latest-news\" data-id=\"latest_news--1\" data-export-id=\"blog-section\" data-category=\"latest_news\" class=\"blog-section blog-section-standard content-section content-section-spacing\" id=\"latest_news-1\" style=\"background-color: rgb(255, 255, 255); background-image: none;\"><div  class=\"gridContainer\"> <div  class=\"row\"><div  data-type=\"column\" class=\"section-title-col\"> <h2  class=\"\">NOTRE ACTUALIT\u00c9<\/h2> <\/div> <\/div> <div  class=\"row\"> <div  data-type=\"row\" data-dynamic-columns=\"handled\" data-content-shortcode=\"mesmerize_latest_news\">\t\t<div class=\"row center-sm content-left-sm\">\n\t\t\t<\/div>\n\t<\/div><\/div> <div  class=\"row\"><div  class=\"text-center\"> <a  class=\"button color1\" data-attr-shortcode=\"href:mesmerize_blog_link\" href=\"https:\/\/dbisolutions.fr\/?post_type=post\">EN SAVOIR PLUS<\/a><\/div> <\/div><\/div><\/div><div  data-label=\"Content\" data-id=\"content--1\" data-export-id=\"content-2\" data-category=\"content\" class=\"content-2 content-section content-section-spacing\" id=\"content-1\" style=\"background-color: rgb(245, 250, 253);\"><div  class=\"\"> <div  class=\"row middle-xs\"><div  class=\"col-sm-5 bg-image shadow-large-black\" data-bg=\"image\" style=\"background-image: url(&quot;http:\/\/dbisolutions.fr\/wp-content\/uploads\/2020\/07\/cropped-medium-2-4.png&quot;);\"><\/div> <div  class=\"col-sm-7 full-col-left-padding full-col-right-padding\"> <div  class=\"row\"> <div  data-type=\"column\" class=\"space-bottom-small content-title-col content-center-sm\">  <h2  class=\"\">DBI Solutions<\/h2> <p  class=\"\">Bienvenue chez DBI Solutions, entreprise sp\u00e9cialis\u00e9e dans les solutions d\u2019encaissements et d\u2019impressions.\n<br >\n<br >Install\u00e9e \u00e0 Beauvais, dans l\u2019oise, nous intervenons dans l\u2019Oise, la Somme ainsi que leurs d\u00e9partements limitrophes. Nous proposons une offre compl\u00e8te, du conseil, jusqu\u2019\u00e0 la maintenance de vos \u00e9quipements.\n<br >\n<br >Quelque soit votre demande, nos \u00e9quipes sont d\u00e9di\u00e9es \u00e0 un domaine d\u2019expertise pour vous assurer une \u00e9fficacit\u00e9 optimale.\n<br >\n<br >.Installation, maintien en conformit\u00e9 de vos solutions d\u2019encaissements&nbsp;&nbsp;<br >.Etude, installation et optimisation de vos solutions d\u2019impressions.\n\n<br ><br >Vous avez un projet ? Contactez nous, nos \u00e9quipes se feront un plaisir de mettre \u00e0 votre disposition leur savoir-faire pour satisfaire vos besoins.<\/p><\/div> <\/div> <div  class=\"row spaced-cols start-sm content-left-sm\" data-type=\"row\">    <div  class=\"col-xs-6\" data-type=\"column\"> <\/div> <\/div><\/div> <\/div><\/div> <\/div><div  data-label=\"Clients\" data-id=\"clients--1\" data-export-id=\"clients-4\" data-category=\"clients\" class=\"clients-4 content-section content-section-spacing-small\" id=\"clients-1\" style=\"background-color: rgb(255, 255, 255);\"><div  class=\"gridContainer\"> <div  class=\"row\"><div  data-type=\"column\" class=\"section-title-col\"> <h2  class=\"font-700\">Nos partenaires&nbsp;<\/h2> <\/div> <\/div> <div  data-type=\"row\" class=\"row spaced-cols middle-xs center-xs space-bottom padding-lr\"> <div  class=\"col-xs-6 col-sm-2\"><img decoding=\"async\"  class=\"custom-image\" src=\"http:\/\/dbisolutions.fr\/wp-content\/uploads\/2021\/10\/cropped-telecharger.jpg\" alt=\"\" title=\"cropped-telecharger.jpg\"> <\/div><div  class=\"col-xs-6 col-sm-2\"><img decoding=\"async\"  class=\"custom-image\" src=\"http:\/\/dbisolutions.fr\/wp-content\/uploads\/2020\/09\/cropped-logo-ohxoo-1.png\" alt=\"\" title=\"cropped-logo-ohxoo-1.png\"> <\/div> <div  class=\"col-xs-6 col-sm-2\"> <img decoding=\"async\"  src=\"http:\/\/dbisolutions.fr\/wp-content\/uploads\/2020\/09\/cropped-logo-crisalid.png\" class=\"\" alt=\"\" title=\"cropped-logo-crisalid.png\"><\/div> <div  class=\"col-xs-6 col-sm-2\"> <img decoding=\"async\"  src=\"http:\/\/dbisolutions.fr\/wp-content\/uploads\/2020\/09\/cropped-logo-epson-.png\" class=\"\" alt=\"\" title=\"cropped-logo-epson-.png\"><\/div>    <div  class=\"col-xs-6 col-sm-2\"><img decoding=\"async\"  class=\"custom-image\" src=\"http:\/\/dbisolutions.fr\/wp-content\/uploads\/2021\/10\/cropped-telecharger.png\" alt=\"\" title=\"cropped-telecharger.png\"> <\/div><div  class=\"col-xs-6 col-sm-2\"><img decoding=\"async\"  class=\"custom-image\" src=\"http:\/\/dbisolutions.fr\/wp-content\/uploads\/2021\/10\/cropped-DT_AuthorizedPartner_4C-1.jpg\" alt=\"\" title=\"cropped-DT_AuthorizedPartner_4C-1.jpg\"> <\/div><\/div><\/div> <\/div>","protected":false},"excerpt":{"rendered":"<p>SOLUTIONS D\u2019ENCAISSEMENT De la caisse enregistreuse au monnayeur en passant par la balance poids\/prix.&nbsp; SOLUTIONS D\u2019IMPRESSION Imprimantes multifonctions, photocopieurs, traceurs,\u2026 TELEPHONIE IP Trunk SIP, Centrex IP, Mobile, &#8230; MATERIEL INFORMATIQUE Ordinateur portable, ordinateur de bureau, p\u00e9riph\u00e9riques, \u2026 NOTRE ACTUALIT\u00c9 EN SAVOIR PLUS DBI Solutions Bienvenue chez DBI Solutions, entreprise sp\u00e9cialis\u00e9e dans les solutions d\u2019encaissements et&hellip; <br \/> <a class=\"read-more\" href=\"https:\/\/dbisolutions.fr\/\">Lire la suite<\/a><\/p>\n","protected":false},"author":1,"featured_media":0,"parent":0,"menu_order":0,"comment_status":"closed","ping_status":"closed","template":"page-templates\/homepage.php","meta":{"footnotes":""},"class_list":["post-46","page","type-page","status-publish","hentry"],"_links":{"self":[{"href":"https:\/\/dbisolutions.fr\/index.php?rest_route=\/wp\/v2\/pages\/46","targetHints":{"allow":["GET"]}}],"collection":[{"href":"https:\/\/dbisolutions.fr\/index.php?rest_route=\/wp\/v2\/pages"}],"about":[{"href":"https:\/\/dbisolutions.fr\/index.php?rest_route=\/wp\/v2\/types\/page"}],"author":[{"embeddable":true,"href":"https:\/\/dbisolutions.fr\/index.php?rest_route=\/wp\/v2\/users\/1"}],"replies":[{"embeddable":true,"href":"https:\/\/dbisolutions.fr\/index.php?rest_route=%2Fwp%2Fv2%2Fcomments&post=46"}],"version-history":[{"count":24,"href":"https:\/\/dbisolutions.fr\/index.php?rest_route=\/wp\/v2\/pages\/46\/revisions"}],"predecessor-version":[{"id":156,"href":"https:\/\/dbisolutions.fr\/index.php?rest_route=\/wp\/v2\/pages\/46\/revisions\/156"}],"wp:attachment":[{"href":"https:\/\/dbisolutions.fr\/index.php?rest_route=%2Fwp%2Fv2%2Fmedia&parent=46"}],"curies":[{"name":"wp","href":"https:\/\/api.w.org\/{rel}","templated":true}]}}